{"id":12081,"date":"2025-12-10T13:18:44","date_gmt":"2025-12-10T13:18:44","guid":{"rendered":"https:\/\/www.mml.s-host.net\/t-bode\/?post_type=product&#038;p=12081"},"modified":"2026-02-24T09:11:45","modified_gmt":"2026-02-24T09:11:45","slug":"cotton-bags","status":"publish","type":"product","link":"https:\/\/www.mml.s-host.net\/t-bode\/lv\/products\/cotton-bags\/","title":{"rendered":"B\u0113rnu bodiji"},"content":{"rendered":"<p class=\"translation-block\">B\u0113rnu bodijs ar \u012bs\u0101m piedurkn\u0113m. S\u0101nu v\u012bles, U-veida kakla izgriezums ar atlokiem un vienu pogu. Tr\u012bs spiedpogas apak\u0161\u0101.<br>\nOEKO-TEX\u00ae un GOTS sertific\u0113ts.<br>\nMateri\u0101ls: 100% organisk\u0101 kokvilna<br>\nSvars: 210g<\/p>","protected":false},"excerpt":{"rendered":"<p>Printing included in the price<\/p>\n<p>&nbsp;<\/p>","protected":false},"featured_media":14677,"comment_status":"open","ping_status":"closed","template":"","meta":[],"product_brand":[],"product_cat":[117],"product_tag":[351,363,377,357,379,383,369,371,209,365,353,359,355,361,381,373,375,367],"class_list":{"0":"post-12081","1":"product","2":"type-product","3":"status-publish","4":"has-post-thumbnail","6":"product_cat-baby-bodysuits","7":"product_tag-baby-bodysuit","8":"product_tag-baby-clothing","9":"product_tag-baby-gift","10":"product_tag-baby-onesie","11":"product_tag-baby-shower-gift","12":"product_tag-baby-wear","13":"product_tag-cotton-baby-bodysuit","14":"product_tag-custom-baby-bodysuit","15":"product_tag-dtf-print","16":"product_tag-infant-apparel","17":"product_tag-infant-bodysuit","18":"product_tag-infant-onesie","19":"product_tag-newborn-bodysuit","20":"product_tag-newborn-onesie","21":"product_tag-newborn-outfit","22":"product_tag-personalized-baby-onesie","23":"product_tag-printed-baby-bodysuit","24":"product_tag-soft-baby-bodysuit","25":"pa_baby-bodysuits-blue","26":"pa_baby-bodysuits-pink","27":"pa_baby-bodysuits-white","28":"pa_baby-bodysuits-size-0-3-months-56-62-cm","29":"pa_baby-bodysuits-size-12-18-months-80-86-cm","30":"pa_baby-bodysuits-size-18-24-months-86-92-cm","31":"pa_baby-bodysuits-size-3-6-months-62-68-cm","32":"pa_baby-bodysuits-size-6-9-months-68-74-cm","33":"pa_baby-bodysuits-size-9-12-months-74-80-cm","35":"first","36":"instock","37":"shipping-taxable","38":"purchasable","39":"product-type-variable"},"_links":{"self":[{"href":"https:\/\/www.mml.s-host.net\/t-bode\/lv\/wp-json\/wp\/v2\/product\/12081","targetHints":{"allow":["GET"]}}],"collection":[{"href":"https:\/\/www.mml.s-host.net\/t-bode\/lv\/wp-json\/wp\/v2\/product"}],"about":[{"href":"https:\/\/www.mml.s-host.net\/t-bode\/lv\/wp-json\/wp\/v2\/types\/product"}],"replies":[{"embeddable":true,"href":"https:\/\/www.mml.s-host.net\/t-bode\/lv\/wp-json\/wp\/v2\/comments?post=12081"}],"version-history":[{"count":5,"href":"https:\/\/www.mml.s-host.net\/t-bode\/lv\/wp-json\/wp\/v2\/product\/12081\/revisions"}],"predecessor-version":[{"id":13286,"href":"https:\/\/www.mml.s-host.net\/t-bode\/lv\/wp-json\/wp\/v2\/product\/12081\/revisions\/13286"}],"wp:featuredmedia":[{"embeddable":true,"href":"https:\/\/www.mml.s-host.net\/t-bode\/lv\/wp-json\/wp\/v2\/media\/14677"}],"wp:attachment":[{"href":"https:\/\/www.mml.s-host.net\/t-bode\/lv\/wp-json\/wp\/v2\/media?parent=12081"}],"wp:term":[{"taxonomy":"product_brand","embeddable":true,"href":"https:\/\/www.mml.s-host.net\/t-bode\/lv\/wp-json\/wp\/v2\/product_brand?post=12081"},{"taxonomy":"product_cat","embeddable":true,"href":"https:\/\/www.mml.s-host.net\/t-bode\/lv\/wp-json\/wp\/v2\/product_cat?post=12081"},{"taxonomy":"product_tag","embeddable":true,"href":"https:\/\/www.mml.s-host.net\/t-bode\/lv\/wp-json\/wp\/v2\/product_tag?post=12081"}],"curies":[{"name":"wp","href":"https:\/\/api.w.org\/{rel}","templated":true}]}}