{"id":13835,"date":"2026-02-06T10:06:24","date_gmt":"2026-02-06T10:06:24","guid":{"rendered":"https:\/\/www.mml.s-host.net\/t-bode\/?post_type=product&#038;p=13835"},"modified":"2026-03-27T16:20:48","modified_gmt":"2026-03-27T14:20:48","slug":"unisex-iconic","status":"publish","type":"product","link":"https:\/\/www.mml.s-host.net\/t-bode\/lv\/products\/unisex-iconic\/","title":{"rendered":"Unisex Iconic"},"content":{"rendered":"<p class=\"translation-block\">1\u00d71 rievojums kakla izgriezum\u0101<br>\nApdares lente kakla aizmugur\u0113 no pamatmateri\u0101la<br>\nIe\u0161\u016btas piedurknes<br>\nDivadatu dekorat\u012bv\u0101 \u0161uve piedurk\u0146u galos un apak\u0161mal\u0101<\/p>\n<p class=\"translation-block\"><strong>Sast\u0101vs<\/strong><br>\nPamatmateri\u0101ls \u2013 Single Jersey<br>\n100% kokvilna \u2013 organiska, \u0137emm\u0113ta un gredzenv\u0113rpta \/ Heather Haze: 70% organisk\u0101 kokvilna \u2013<br>\n30% p\u0101rstr\u0101d\u0101ta kokvilna, \u0137emm\u0113ta un gredzenv\u0113rpta \u2013 180.0 GSM<br>\nAudums mazg\u0101ts<\/p>\n<p class=\"translation-block\"><strong>Kop\u0161anas nor\u0101d\u012bjumi<br>\n<\/strong>Mazg\u0101t kop\u0101 ar l\u012bdz\u012bgas kr\u0101sas ap\u0123\u0113rbiem, negludin\u0101t<br>\ndrukas vietas, mazg\u0101t un gludin\u0101t izgrieztu uz otru pusi.<\/p>","protected":false},"excerpt":{"rendered":"<p>1&#215;1 rib at neckline Self-fabric back neck tape Set-in sleeves Twin-needle topstitching at sleeve cuffs and hem Composition Shell &#8211; Single Jersey 100% Cotton &#8211; Organic Combed Ring Spun \/ Heather Haze: 70% Organic Cotton &#8211; 30% Recycled Cotton, Combed Ring Spun &#8211; 180.0 GSM Fabric washed Care instruction Wash similar colours together, no ironing on print, wash and iron inside out.<\/p>","protected":false},"featured_media":14603,"comment_status":"open","ping_status":"closed","template":"","meta":[],"product_brand":[],"product_cat":[103,439],"product_tag":[],"class_list":{"0":"post-13835","1":"product","2":"type-product","3":"status-publish","4":"has-post-thumbnail","6":"product_cat-t-shirts","7":"product_cat-unisex-iconic","8":"pa_size-l","9":"pa_size-m","10":"pa_size-s","11":"pa_size-xl","12":"pa_size-xxl","13":"pa_unisex-iconic-color-aloe","14":"pa_unisex-iconic-color-anthracite","15":"pa_unisex-iconic-color-aqua-blue","16":"pa_unisex-iconic-color-black","17":"pa_unisex-iconic-color-bugundy","18":"pa_unisex-iconic-color-cotton-pink","19":"pa_unisex-iconic-color-french-navy","20":"pa_unisex-iconic-color-heather-gray","21":"pa_unisex-iconic-color-india-ink-gray","22":"pa_unisex-iconic-color-mid-heather-gray","23":"pa_unisex-iconic-color-natural-raw","24":"pa_unisex-iconic-color-red","25":"pa_unisex-iconic-color-vintage","26":"pa_unisex-iconic-color-white","28":"first","29":"instock","30":"shipping-taxable","31":"purchasable","32":"product-type-variable"},"_links":{"self":[{"href":"https:\/\/www.mml.s-host.net\/t-bode\/lv\/wp-json\/wp\/v2\/product\/13835","targetHints":{"allow":["GET"]}}],"collection":[{"href":"https:\/\/www.mml.s-host.net\/t-bode\/lv\/wp-json\/wp\/v2\/product"}],"about":[{"href":"https:\/\/www.mml.s-host.net\/t-bode\/lv\/wp-json\/wp\/v2\/types\/product"}],"replies":[{"embeddable":true,"href":"https:\/\/www.mml.s-host.net\/t-bode\/lv\/wp-json\/wp\/v2\/comments?post=13835"}],"version-history":[{"count":1,"href":"https:\/\/www.mml.s-host.net\/t-bode\/lv\/wp-json\/wp\/v2\/product\/13835\/revisions"}],"predecessor-version":[{"id":13874,"href":"https:\/\/www.mml.s-host.net\/t-bode\/lv\/wp-json\/wp\/v2\/product\/13835\/revisions\/13874"}],"wp:featuredmedia":[{"embeddable":true,"href":"https:\/\/www.mml.s-host.net\/t-bode\/lv\/wp-json\/wp\/v2\/media\/14603"}],"wp:attachment":[{"href":"https:\/\/www.mml.s-host.net\/t-bode\/lv\/wp-json\/wp\/v2\/media?parent=13835"}],"wp:term":[{"taxonomy":"product_brand","embeddable":true,"href":"https:\/\/www.mml.s-host.net\/t-bode\/lv\/wp-json\/wp\/v2\/product_brand?post=13835"},{"taxonomy":"product_cat","embeddable":true,"href":"https:\/\/www.mml.s-host.net\/t-bode\/lv\/wp-json\/wp\/v2\/product_cat?post=13835"},{"taxonomy":"product_tag","embeddable":true,"href":"https:\/\/www.mml.s-host.net\/t-bode\/lv\/wp-json\/wp\/v2\/product_tag?post=13835"}],"curies":[{"name":"wp","href":"https:\/\/api.w.org\/{rel}","templated":true}]}}