{"id":14041,"date":"2026-02-10T12:10:56","date_gmt":"2026-02-10T12:10:56","guid":{"rendered":"https:\/\/www.mml.s-host.net\/t-bode\/?post_type=product&#038;p=14041"},"modified":"2026-03-27T11:55:15","modified_gmt":"2026-03-27T09:55:15","slug":"oak-leaf-bag","status":"publish","type":"product","link":"https:\/\/www.mml.s-host.net\/t-bode\/lv\/products\/oak-leaf-bag\/","title":{"rendered":"Oak leaf bag"},"content":{"rendered":"<ul>\n<li>100% kokvilna \u2013 140 g\/m\u00b2 (4.1 oz\/yd\u00b2)<\/li>\n<li>Var n\u0113s\u0101t rok\u0101 vai p\u0101r plecu<\/li>\n<li>CutAway label for ease of rebranding\n<pre id=\"tw-target-text\" class=\"tw-data-text tw-text-large tw-ta\" dir=\"ltr\" tabindex=\"-1\" role=\"text\" data-placeholder=\"Translation\" data-ved=\"2ahUKEwjk45v17s6SAxXeFxAIHUq7G2YQ3ewLegQIDhAW\" aria-label=\"Translated text: Composition: 100% Cotton. Capacity: 10 L Size: 42 x 38 cm. Handle length: 67 cm\"><span class=\"Y2IQFc\" lang=\"en\">Composition: 100% Cotton.\r\n\r\nCapacity: 10 L\r\n\r\nSize: 42 x 38 cm.\r\n\r\nHandle length: 67 cm<\/span><\/pre>\n<\/li>\n<\/ul>","protected":false},"excerpt":{"rendered":"<p>100% Cotton &#8211; 140gsm (4.1oz\/yd\u00b2) Can be carried by hand or over the shoulder CutAway label for ease of rebranding Composition: 100% Cotton. Capacity: 10 L Size: 42 x 38 cm. Handle length: 67 cm<\/p>","protected":false},"featured_media":14688,"comment_status":"open","ping_status":"closed","template":"","meta":[],"product_brand":[],"product_cat":[474,395,397],"product_tag":[],"class_list":{"0":"post-14041","1":"product","2":"type-product","3":"status-publish","4":"has-post-thumbnail","6":"product_cat-accessories","7":"product_cat-made-by-us","8":"product_cat-the-latvia-edit","9":"pa_cotton-bags-color-black","10":"pa_cotton-bags-color-neutral","12":"first","13":"instock","14":"shipping-taxable","15":"purchasable","16":"product-type-variable","17":"has-default-attributes"},"_links":{"self":[{"href":"https:\/\/www.mml.s-host.net\/t-bode\/lv\/wp-json\/wp\/v2\/product\/14041","targetHints":{"allow":["GET"]}}],"collection":[{"href":"https:\/\/www.mml.s-host.net\/t-bode\/lv\/wp-json\/wp\/v2\/product"}],"about":[{"href":"https:\/\/www.mml.s-host.net\/t-bode\/lv\/wp-json\/wp\/v2\/types\/product"}],"replies":[{"embeddable":true,"href":"https:\/\/www.mml.s-host.net\/t-bode\/lv\/wp-json\/wp\/v2\/comments?post=14041"}],"version-history":[{"count":2,"href":"https:\/\/www.mml.s-host.net\/t-bode\/lv\/wp-json\/wp\/v2\/product\/14041\/revisions"}],"predecessor-version":[{"id":14046,"href":"https:\/\/www.mml.s-host.net\/t-bode\/lv\/wp-json\/wp\/v2\/product\/14041\/revisions\/14046"}],"wp:featuredmedia":[{"embeddable":true,"href":"https:\/\/www.mml.s-host.net\/t-bode\/lv\/wp-json\/wp\/v2\/media\/14688"}],"wp:attachment":[{"href":"https:\/\/www.mml.s-host.net\/t-bode\/lv\/wp-json\/wp\/v2\/media?parent=14041"}],"wp:term":[{"taxonomy":"product_brand","embeddable":true,"href":"https:\/\/www.mml.s-host.net\/t-bode\/lv\/wp-json\/wp\/v2\/product_brand?post=14041"},{"taxonomy":"product_cat","embeddable":true,"href":"https:\/\/www.mml.s-host.net\/t-bode\/lv\/wp-json\/wp\/v2\/product_cat?post=14041"},{"taxonomy":"product_tag","embeddable":true,"href":"https:\/\/www.mml.s-host.net\/t-bode\/lv\/wp-json\/wp\/v2\/product_tag?post=14041"}],"curies":[{"name":"wp","href":"https:\/\/api.w.org\/{rel}","templated":true}]}}