{"id":14072,"date":"2026-02-11T11:14:25","date_gmt":"2026-02-11T11:14:25","guid":{"rendered":"https:\/\/www.mml.s-host.net\/t-bode\/?post_type=product&#038;p=14072"},"modified":"2026-03-27T11:50:57","modified_gmt":"2026-03-27T09:50:57","slug":"latvia-shirt-with-embroidery","status":"publish","type":"product","link":"https:\/\/www.mml.s-host.net\/t-bode\/lv\/products\/latvia-shirt-with-embroidery\/","title":{"rendered":"LATVIA shirt with embroidery"},"content":{"rendered":"<div class=\"mb-3\">\n<div class=\"wysiwyg-p:my-0 wysiwyg-ul:my-0 lg:wysiwyg-li:text-sm wysiwyg-li:text-xs lg:wysiwyg-p:text-sm wysiwyg-p:text-xs check-icon-list-bullet\">\n<ul>\n<li>Virs kakla izgriezums \u2013 1\u00d71<\/li>\n<li>Aizmugur\u0113j\u0101 kakla lente no t\u0101 pa\u0161a auduma<\/li>\n<li>Iestr\u0101d\u0101tas piedurknes<\/li>\n<li>Dubulta iz\u0161\u016b\u0161ana uz piedurk\u0146u apak\u0161mal\u0101m un apak\u0161malas<\/li>\n<\/ul>\n<\/div>\n<\/div>\n<div class=\"mb-3\">\n<h2 class=\"uppercase text-xs lg:text-sm font-bold mb-3\">Sast\u0101vs<\/h2>\n<div class=\"child-p:mb-2 last:child-p:mb-0\">\n<p class=\"text-xs lg:text-sm\">Pamatmateri\u0101ls: Single Jersey, 100% kokvilna \u2013 organiska, \u0137emm\u0113ta un gredzenv\u0113rpta \/ Heather Haze: 70% organisk\u0101 kokvilna \u2013 30% p\u0101rstr\u0101d\u0101ta kokvilna, \u0137emm\u0113ta un gredzenv\u0113rpta, Audums mazg\u0101ts<\/p>\n<\/div>\n<\/div>\n<div class=\"mb-3\">\n<h2 class=\"uppercase text-xs lg:text-sm font-bold mb-3\">Kop\u0161anas nor\u0101d\u012bjumi<\/h2>\n<div class=\"flex flex-col md:flex-row gap-4 items-start\">\n<p class=\"text-xs lg:text-sm flex-1\">Mazg\u0101t kop\u0101 ar l\u012bdz\u012bgas kr\u0101sas ap\u0123\u0113rbiem, negludin\u0101t apdruku, mazg\u0101t un gludin\u0101t no kreis\u0101s puses.<\/p>\n<\/div>\n<\/div>","protected":false},"excerpt":{"rendered":"<p>1&#215;1 rib at neckline Self-fabric back neck tape Set-in sleeves Twin-needle topstitching at sleeve cuffs and hem Composition Shell: Single Jersey, 100% Cotton &#8211; Organic Combed Ring Spun \/ Heather Haze: 70% Organic Cotton &#8211; 30% Recycled Cotton, Combed Ring Spun, Fabric washed Care Instructions Wash similar colours together, no ironing on print, wash and iron inside out.<\/p>","protected":false},"featured_media":14092,"comment_status":"open","ping_status":"closed","template":"","meta":[],"product_brand":[],"product_cat":[395,397,472],"product_tag":[],"class_list":{"0":"post-14072","1":"product","2":"type-product","3":"status-publish","4":"has-post-thumbnail","6":"product_cat-made-by-us","7":"product_cat-the-latvia-edit","8":"product_cat-unisex-cotton-t-shirts","9":"pa_latvijas-kolekcija-krasas-burgundy","10":"pa_latvijas-kolekcija-krasas-desert-dust","11":"pa_latvijas-kolekcija-krasas-khaki","12":"pa_size-l","13":"pa_size-m","14":"pa_size-s","15":"pa_size-xl","16":"pa_size-xxl","18":"first","19":"instock","20":"shipping-taxable","21":"purchasable","22":"product-type-variable"},"_links":{"self":[{"href":"https:\/\/www.mml.s-host.net\/t-bode\/lv\/wp-json\/wp\/v2\/product\/14072","targetHints":{"allow":["GET"]}}],"collection":[{"href":"https:\/\/www.mml.s-host.net\/t-bode\/lv\/wp-json\/wp\/v2\/product"}],"about":[{"href":"https:\/\/www.mml.s-host.net\/t-bode\/lv\/wp-json\/wp\/v2\/types\/product"}],"replies":[{"embeddable":true,"href":"https:\/\/www.mml.s-host.net\/t-bode\/lv\/wp-json\/wp\/v2\/comments?post=14072"}],"version-history":[{"count":1,"href":"https:\/\/www.mml.s-host.net\/t-bode\/lv\/wp-json\/wp\/v2\/product\/14072\/revisions"}],"predecessor-version":[{"id":14076,"href":"https:\/\/www.mml.s-host.net\/t-bode\/lv\/wp-json\/wp\/v2\/product\/14072\/revisions\/14076"}],"wp:featuredmedia":[{"embeddable":true,"href":"https:\/\/www.mml.s-host.net\/t-bode\/lv\/wp-json\/wp\/v2\/media\/14092"}],"wp:attachment":[{"href":"https:\/\/www.mml.s-host.net\/t-bode\/lv\/wp-json\/wp\/v2\/media?parent=14072"}],"wp:term":[{"taxonomy":"product_brand","embeddable":true,"href":"https:\/\/www.mml.s-host.net\/t-bode\/lv\/wp-json\/wp\/v2\/product_brand?post=14072"},{"taxonomy":"product_cat","embeddable":true,"href":"https:\/\/www.mml.s-host.net\/t-bode\/lv\/wp-json\/wp\/v2\/product_cat?post=14072"},{"taxonomy":"product_tag","embeddable":true,"href":"https:\/\/www.mml.s-host.net\/t-bode\/lv\/wp-json\/wp\/v2\/product_tag?post=14072"}],"curies":[{"name":"wp","href":"https:\/\/api.w.org\/{rel}","templated":true}]}}