{"id":14199,"date":"2026-02-16T10:55:30","date_gmt":"2026-02-16T10:55:30","guid":{"rendered":"https:\/\/www.mml.s-host.net\/t-bode\/?post_type=product&#038;p=14199"},"modified":"2026-03-27T11:24:02","modified_gmt":"2026-03-27T09:24:02","slug":"the-unisex-dry-handfeel-heavyweight","status":"publish","type":"product","link":"https:\/\/www.mml.s-host.net\/t-bode\/lv\/products\/the-unisex-dry-handfeel-heavyweight\/","title":{"rendered":"Unisekss biezais materi\u0101ls ar stingru saj\u016btu"},"content":{"rendered":"<div class=\"mb-3\">\n<div class=\"wysiwyg-p:my-0 wysiwyg-ul:my-0 lg:wysiwyg-li:text-sm wysiwyg-li:text-xs lg:wysiwyg-p:text-sm wysiwyg-p:text-xs check-icon-list-bullet\">\n<ul>\n<li>Virs kakla izgriezums \u2013 1\u00d71<\/li>\n<li>Aizmugur\u0113j\u0101 kakla lente no t\u0101 pa\u0161a auduma<\/li>\n<li>Iestr\u0101d\u0101tas piedurknes<\/li>\n<li>Plata divadatu dekorat\u012bv\u0101 \u0161uve piedurk\u0146u galos un apak\u0161mal\u0101<\/li>\n<li>Nedaudz tekstur\u0113ts audums<\/li>\n<\/ul>\n<\/div>\n<\/div>\n<div class=\"mb-3\">\n<h2 class=\"uppercase text-xs lg:text-sm font-bold mb-3\">Sast\u0101vs<\/h2>\n<div class=\"child-p:mb-2 last:child-p:mb-0\">\n<p class=\"text-xs lg:text-sm\">Pamatmateri\u0101ls: Single Jersey, 100% kokvilna \u2013 organiska, atv\u0113rt\u0101 gala k\u0101rsta, Audums mazg\u0101ts<\/p>\n<\/div>\n<\/div>\n<div class=\"mb-3\">\n<h2 class=\"uppercase text-xs lg:text-sm font-bold mb-3\">Kop\u0161anas nor\u0101d\u012bjumi<\/h2>\n<div class=\"flex flex-col md:flex-row gap-4 items-start\">\n<p class=\"text-xs lg:text-sm flex-1\">Mazg\u0101t kop\u0101 ar l\u012bdz\u012bgas kr\u0101sas ap\u0123\u0113rbiem, negludin\u0101t apdruku, mazg\u0101t un gludin\u0101t no kreis\u0101s puses.<\/p>\n<\/div>\n<\/div>","protected":false},"excerpt":{"rendered":"<p>1&#215;1 rib at neckline Self-fabric back neck tape Set-in sleeves Wide twin-needle topstitching at sleeve cuffs and hem Slightly textured fabric Composition Shell: Single Jersey, 100% Cotton &#8211; Organic Open End Carded, Fabric washed Care Instructions Wash similar colours together, no ironing on print, wash and iron inside out.<\/p>","protected":false},"featured_media":14605,"comment_status":"open","ping_status":"closed","template":"","meta":[],"product_brand":[],"product_cat":[103,486],"product_tag":[],"class_list":{"0":"post-14199","1":"product","2":"type-product","3":"status-publish","4":"has-post-thumbnail","6":"product_cat-t-shirts","7":"product_cat-the-unisex-dry-handfeel-heavyweight-t-shirt","8":"pa_size-l","9":"pa_size-m","10":"pa_size-s","11":"pa_size-xl","12":"pa_size-xxl","13":"pa_unisex-iconic-color-black","14":"pa_unisex-iconic-color-white","16":"first","17":"instock","18":"shipping-taxable","19":"purchasable","20":"product-type-variable"},"_links":{"self":[{"href":"https:\/\/www.mml.s-host.net\/t-bode\/lv\/wp-json\/wp\/v2\/product\/14199","targetHints":{"allow":["GET"]}}],"collection":[{"href":"https:\/\/www.mml.s-host.net\/t-bode\/lv\/wp-json\/wp\/v2\/product"}],"about":[{"href":"https:\/\/www.mml.s-host.net\/t-bode\/lv\/wp-json\/wp\/v2\/types\/product"}],"replies":[{"embeddable":true,"href":"https:\/\/www.mml.s-host.net\/t-bode\/lv\/wp-json\/wp\/v2\/comments?post=14199"}],"version-history":[{"count":1,"href":"https:\/\/www.mml.s-host.net\/t-bode\/lv\/wp-json\/wp\/v2\/product\/14199\/revisions"}],"predecessor-version":[{"id":14204,"href":"https:\/\/www.mml.s-host.net\/t-bode\/lv\/wp-json\/wp\/v2\/product\/14199\/revisions\/14204"}],"wp:featuredmedia":[{"embeddable":true,"href":"https:\/\/www.mml.s-host.net\/t-bode\/lv\/wp-json\/wp\/v2\/media\/14605"}],"wp:attachment":[{"href":"https:\/\/www.mml.s-host.net\/t-bode\/lv\/wp-json\/wp\/v2\/media?parent=14199"}],"wp:term":[{"taxonomy":"product_brand","embeddable":true,"href":"https:\/\/www.mml.s-host.net\/t-bode\/lv\/wp-json\/wp\/v2\/product_brand?post=14199"},{"taxonomy":"product_cat","embeddable":true,"href":"https:\/\/www.mml.s-host.net\/t-bode\/lv\/wp-json\/wp\/v2\/product_cat?post=14199"},{"taxonomy":"product_tag","embeddable":true,"href":"https:\/\/www.mml.s-host.net\/t-bode\/lv\/wp-json\/wp\/v2\/product_tag?post=14199"}],"curies":[{"name":"wp","href":"https:\/\/api.w.org\/{rel}","templated":true}]}}