{"id":14306,"date":"2026-02-16T13:07:15","date_gmt":"2026-02-16T13:07:15","guid":{"rendered":"https:\/\/www.mml.s-host.net\/t-bode\/?post_type=product&#038;p=14306"},"modified":"2026-03-27T11:09:53","modified_gmt":"2026-03-27T09:09:53","slug":"t-shirt-kids","status":"publish","type":"product","link":"https:\/\/www.mml.s-host.net\/t-bode\/lv\/products\/t-shirt-kids\/","title":{"rendered":"B\u0113rnu T-krekls"},"content":{"rendered":"<ul>\n<li>Single Jersey, 100 % kokvilna (sast\u0101vs var at\u0161\u0137irties \u2013 kr\u0101sa 03 \u2013 97 % kokvilna, 3 % viskoze, kr\u0101sa 12 \u2013 85 % kokvilna, 15 % viskoze)<\/li>\n<\/ul>\n<div class=\"Description__description-list\">\n<ul>\n<li>piegriezums ar s\u0101nu v\u012bl\u0113m<\/li>\n<li>\u0161aura 1:1 rievota ad\u012bjuma kakla izgriezuma apdare<\/li>\n<li>kakla izgriezuma aizmugures iek\u0161puse ar pamatmateri\u0101la apdares lenti<\/li>\n<li>plecu v\u012b\u013cu nostiprin\u0101\u0161ana<\/li>\n<\/ul>\n<\/div>\n<div class=\"Description__description-list\">\n<ul>\n<li class=\"translation-block\"><strong>Eti\u0137ete:<\/strong> sat\u012bna<\/li>\n<li class=\"translation-block\"><strong>Apdrukas veids:<\/strong> digit\u0101l\u0101 druka, sietspiede, digit\u0101lais transfers, lito transfers, sietspiedes transfers, eti\u0137e\u0161u mai\u0146a<\/li>\n<\/ul>\n<\/div>","protected":false},"excerpt":{"rendered":"<p>Single Jersey, 100 % cotton (composition may differ &#8211; colour 03 &#8211; 97 % cotton, 3 % viscose, colour 12 \u2013 85 % cotton, 15 % viscose) cut with side seams narrow 1:1 rib knit neckline hem inner back neckline with a shell fabric tape fixing shoulder seams Label:\u00a0satin Type of application:\u00a0digital printing, screen printing, digital transfer, litho transfer, screen printing transfer, label change<\/p>","protected":false},"featured_media":14599,"comment_status":"open","ping_status":"closed","template":"","meta":[],"product_brand":[],"product_cat":[115,103],"product_tag":[],"class_list":{"0":"post-14306","1":"product","2":"type-product","3":"status-publish","4":"has-post-thumbnail","6":"product_cat-t-shirt-kids","7":"product_cat-t-shirts","8":"pa_kids-color-black","9":"pa_kids-color-blue-atol","10":"pa_kids-color-kelly","11":"pa_kids-color-lemon","12":"pa_kids-color-lime","13":"pa_kids-color-orange","14":"pa_kids-color-red","15":"pa_kids-color-royal","16":"pa_kids-color-white","17":"pa_kids-size-10gadi-146cm","18":"pa_kids-size-12gadi-158cm","19":"pa_kids-size-4gadi-110-cm","20":"pa_kids-size-6gadi-122cm","21":"pa_kids-size-8gadi-134cm","23":"first","24":"instock","25":"shipping-taxable","26":"purchasable","27":"product-type-variable"},"_links":{"self":[{"href":"https:\/\/www.mml.s-host.net\/t-bode\/lv\/wp-json\/wp\/v2\/product\/14306","targetHints":{"allow":["GET"]}}],"collection":[{"href":"https:\/\/www.mml.s-host.net\/t-bode\/lv\/wp-json\/wp\/v2\/product"}],"about":[{"href":"https:\/\/www.mml.s-host.net\/t-bode\/lv\/wp-json\/wp\/v2\/types\/product"}],"replies":[{"embeddable":true,"href":"https:\/\/www.mml.s-host.net\/t-bode\/lv\/wp-json\/wp\/v2\/comments?post=14306"}],"version-history":[{"count":1,"href":"https:\/\/www.mml.s-host.net\/t-bode\/lv\/wp-json\/wp\/v2\/product\/14306\/revisions"}],"predecessor-version":[{"id":14325,"href":"https:\/\/www.mml.s-host.net\/t-bode\/lv\/wp-json\/wp\/v2\/product\/14306\/revisions\/14325"}],"wp:featuredmedia":[{"embeddable":true,"href":"https:\/\/www.mml.s-host.net\/t-bode\/lv\/wp-json\/wp\/v2\/media\/14599"}],"wp:attachment":[{"href":"https:\/\/www.mml.s-host.net\/t-bode\/lv\/wp-json\/wp\/v2\/media?parent=14306"}],"wp:term":[{"taxonomy":"product_brand","embeddable":true,"href":"https:\/\/www.mml.s-host.net\/t-bode\/lv\/wp-json\/wp\/v2\/product_brand?post=14306"},{"taxonomy":"product_cat","embeddable":true,"href":"https:\/\/www.mml.s-host.net\/t-bode\/lv\/wp-json\/wp\/v2\/product_cat?post=14306"},{"taxonomy":"product_tag","embeddable":true,"href":"https:\/\/www.mml.s-host.net\/t-bode\/lv\/wp-json\/wp\/v2\/product_tag?post=14306"}],"curies":[{"name":"wp","href":"https:\/\/api.w.org\/{rel}","templated":true}]}}