{"id":14372,"date":"2026-02-17T10:47:34","date_gmt":"2026-02-17T10:47:34","guid":{"rendered":"https:\/\/www.mml.s-host.net\/t-bode\/?post_type=product&#038;p=14372"},"modified":"2026-02-17T11:00:24","modified_gmt":"2026-02-17T11:00:24","slug":"hoodie-with-embroidery-latvia","status":"publish","type":"product","link":"https:\/\/www.mml.s-host.net\/t-bode\/lv\/products\/hoodie-with-embroidery-latvia\/","title":{"rendered":"H\u016bdijs ar iz\u0161uvumu \u201eLATVIA\u201c"},"content":{"rendered":"<div class=\"mb-3\">\n<div class=\"wysiwyg-p:my-0 wysiwyg-ul:my-0 lg:wysiwyg-li:text-sm wysiwyg-li:text-xs lg:wysiwyg-p:text-sm wysiwyg-p:text-xs check-icon-list-bullet\">\n<ul>\n<li>Divsl\u0101\u0146u kapuce no pamatmateri\u0101la<\/li>\n<li>Plakana aukla pieska\u0146ot\u0101 kr\u0101s\u0101<\/li>\n<li>Iz\u0161\u016btas atveres<\/li>\n<li>Skuji\u0146as raksta apdares lente kakla aizmugur\u0113<\/li>\n<li>Pamatmateri\u0101la pusm\u0113ness kakla aizmugur\u0113<\/li>\n<li>Iestr\u0101d\u0101tas piedurknes<\/li>\n<li>\u0136engura kabata ar dubult\u0101s adatas no\u0161uvumu<\/li>\n<li>1:1 rievots ad\u012bjums piedurk\u0146u galos un apak\u0161mal\u0101<\/li>\n<li>Plakanv\u012b\u013cu \u0161uves viscaur<\/li>\n<\/ul>\n<\/div>\n<\/div>\n<div class=\"mb-3\">\n<h2 class=\"uppercase text-xs lg:text-sm font-bold mb-3\">Sast\u0101vs<\/h2>\n<div class=\"child-p:mb-2 last:child-p:mb-0\">\n<p class=\"text-xs lg:text-sm\">Pamatmateri\u0101ls: 85% kokvilna \u2013 organiska, gredzenv\u0113rpta, \u0137emm\u0113ta, 15% poliesters \u2013 p\u0101rstr\u0101d\u0101ts, mazg\u0101ts audums<\/p>\n<\/div>\n<\/div>\n<div class=\"mb-3\">\n<h2 class=\"uppercase text-xs lg:text-sm font-bold mb-3\">Kop\u0161anas nor\u0101d\u012bjumi<\/h2>\n<div class=\"flex flex-col md:flex-row gap-4 items-start\">\n<p class=\"text-xs lg:text-sm flex-1\">Mazg\u0101t kop\u0101 ar l\u012bdz\u012bgas kr\u0101sas ap\u0123\u0113rbiem, negludin\u0101t apdruku, mazg\u0101t un gludin\u0101t no kreis\u0101s puses.<\/p>\n<\/div>\n<\/div>","protected":false},"excerpt":{"rendered":"<p>Double-layered hood in self-fabric Flat drawcord in matching colour Embroidered eyelets Herringbone back neck tape Self-fabric half-moon at back neck Set-in sleeves Kangaroo pocket with twin-needle topstitching 1&#215;1 rib at sleeve cuffs and hem Flatlock stitching throughout Composition Shell: Brushed, 85% Cotton &#8211; Organic Ring Spun Combed,15% Polyester &#8211; Recycled, Fabric washed Care Instructions Wash similar colours together, no ironing on print, wash and iron inside out.<\/p>","protected":false},"featured_media":14373,"comment_status":"open","ping_status":"closed","template":"","meta":[],"product_brand":[],"product_cat":[395,397,473],"product_tag":[],"class_list":{"0":"post-14372","1":"product","2":"type-product","3":"status-publish","4":"has-post-thumbnail","6":"product_cat-made-by-us","7":"product_cat-the-latvia-edit","8":"product_cat-unisex-cotton-hoodies","9":"pa_latvijas-kolekcija-krasas-khaki","10":"pa_size-l","11":"pa_size-m","12":"pa_size-s","13":"pa_size-xl","14":"pa_size-xxl","16":"first","17":"instock","18":"shipping-taxable","19":"purchasable","20":"product-type-variable"},"_links":{"self":[{"href":"https:\/\/www.mml.s-host.net\/t-bode\/lv\/wp-json\/wp\/v2\/product\/14372","targetHints":{"allow":["GET"]}}],"collection":[{"href":"https:\/\/www.mml.s-host.net\/t-bode\/lv\/wp-json\/wp\/v2\/product"}],"about":[{"href":"https:\/\/www.mml.s-host.net\/t-bode\/lv\/wp-json\/wp\/v2\/types\/product"}],"replies":[{"embeddable":true,"href":"https:\/\/www.mml.s-host.net\/t-bode\/lv\/wp-json\/wp\/v2\/comments?post=14372"}],"version-history":[{"count":3,"href":"https:\/\/www.mml.s-host.net\/t-bode\/lv\/wp-json\/wp\/v2\/product\/14372\/revisions"}],"predecessor-version":[{"id":14382,"href":"https:\/\/www.mml.s-host.net\/t-bode\/lv\/wp-json\/wp\/v2\/product\/14372\/revisions\/14382"}],"wp:featuredmedia":[{"embeddable":true,"href":"https:\/\/www.mml.s-host.net\/t-bode\/lv\/wp-json\/wp\/v2\/media\/14373"}],"wp:attachment":[{"href":"https:\/\/www.mml.s-host.net\/t-bode\/lv\/wp-json\/wp\/v2\/media?parent=14372"}],"wp:term":[{"taxonomy":"product_brand","embeddable":true,"href":"https:\/\/www.mml.s-host.net\/t-bode\/lv\/wp-json\/wp\/v2\/product_brand?post=14372"},{"taxonomy":"product_cat","embeddable":true,"href":"https:\/\/www.mml.s-host.net\/t-bode\/lv\/wp-json\/wp\/v2\/product_cat?post=14372"},{"taxonomy":"product_tag","embeddable":true,"href":"https:\/\/www.mml.s-host.net\/t-bode\/lv\/wp-json\/wp\/v2\/product_tag?post=14372"}],"curies":[{"name":"wp","href":"https:\/\/api.w.org\/{rel}","templated":true}]}}