{"id":14383,"date":"2026-02-17T11:32:06","date_gmt":"2026-02-17T11:32:06","guid":{"rendered":"https:\/\/www.mml.s-host.net\/t-bode\/?post_type=product&#038;p=14383"},"modified":"2026-03-27T10:59:06","modified_gmt":"2026-03-27T08:59:06","slug":"kids-sweater-with-oak-leaf-design","status":"publish","type":"product","link":"https:\/\/www.mml.s-host.net\/t-bode\/lv\/products\/kids-sweater-with-oak-leaf-design\/","title":{"rendered":"B\u0113rnu d\u017eemperis ar ozola lapu mot\u012bvu"},"content":{"rendered":"","protected":false},"excerpt":{"rendered":"","protected":false},"featured_media":14395,"comment_status":"open","ping_status":"closed","template":"","meta":[],"product_brand":[],"product_cat":[395,397,473],"product_tag":[],"class_list":{"0":"post-14383","1":"product","2":"type-product","3":"status-publish","4":"has-post-thumbnail","6":"product_cat-made-by-us","7":"product_cat-the-latvia-edit","8":"product_cat-unisex-cotton-hoodies","9":"pa_kids-size-latvia-12-13-152-158cm","10":"pa_kids-size-latvia-3-4-98-104cm","11":"pa_kids-size-latvia-5-6-110-116cm","12":"pa_kids-size-latvia-7-8-122-128cm","13":"pa_kids-size-latvia-9-11-134-146cm","14":"pa_latvijas-kolekcija-krasas-natural-raw","16":"first","17":"instock","18":"shipping-taxable","19":"purchasable","20":"product-type-variable"},"_links":{"self":[{"href":"https:\/\/www.mml.s-host.net\/t-bode\/lv\/wp-json\/wp\/v2\/product\/14383","targetHints":{"allow":["GET"]}}],"collection":[{"href":"https:\/\/www.mml.s-host.net\/t-bode\/lv\/wp-json\/wp\/v2\/product"}],"about":[{"href":"https:\/\/www.mml.s-host.net\/t-bode\/lv\/wp-json\/wp\/v2\/types\/product"}],"replies":[{"embeddable":true,"href":"https:\/\/www.mml.s-host.net\/t-bode\/lv\/wp-json\/wp\/v2\/comments?post=14383"}],"version-history":[{"count":2,"href":"https:\/\/www.mml.s-host.net\/t-bode\/lv\/wp-json\/wp\/v2\/product\/14383\/revisions"}],"predecessor-version":[{"id":14385,"href":"https:\/\/www.mml.s-host.net\/t-bode\/lv\/wp-json\/wp\/v2\/product\/14383\/revisions\/14385"}],"wp:featuredmedia":[{"embeddable":true,"href":"https:\/\/www.mml.s-host.net\/t-bode\/lv\/wp-json\/wp\/v2\/media\/14395"}],"wp:attachment":[{"href":"https:\/\/www.mml.s-host.net\/t-bode\/lv\/wp-json\/wp\/v2\/media?parent=14383"}],"wp:term":[{"taxonomy":"product_brand","embeddable":true,"href":"https:\/\/www.mml.s-host.net\/t-bode\/lv\/wp-json\/wp\/v2\/product_brand?post=14383"},{"taxonomy":"product_cat","embeddable":true,"href":"https:\/\/www.mml.s-host.net\/t-bode\/lv\/wp-json\/wp\/v2\/product_cat?post=14383"},{"taxonomy":"product_tag","embeddable":true,"href":"https:\/\/www.mml.s-host.net\/t-bode\/lv\/wp-json\/wp\/v2\/product_tag?post=14383"}],"curies":[{"name":"wp","href":"https:\/\/api.w.org\/{rel}","templated":true}]}}