{"id":14396,"date":"2026-02-17T13:17:46","date_gmt":"2026-02-17T13:17:46","guid":{"rendered":"https:\/\/www.mml.s-host.net\/t-bode\/?post_type=product&#038;p=14396"},"modified":"2026-03-27T10:55:14","modified_gmt":"2026-03-27T08:55:14","slug":"kids-hoodie-latvija","status":"publish","type":"product","link":"https:\/\/www.mml.s-host.net\/t-bode\/lv\/products\/kids-hoodie-latvija\/","title":{"rendered":"B\u0113rnu h\u016bdijs LATVIA"},"content":{"rendered":"<div class=\"mb-3\">\n<div class=\"wysiwyg-p:my-0 wysiwyg-ul:my-0 lg:wysiwyg-li:text-sm wysiwyg-li:text-xs lg:wysiwyg-p:text-sm wysiwyg-p:text-xs check-icon-list-bullet\">\n<ul>\n<li>Divsl\u0101\u0146u kapuce no pamatmateri\u0101la<\/li>\n<li>Single Jersey apdares lente kakla aizmugur\u0113<\/li>\n<li>Pamatmateri\u0101la pusm\u0113ness kakla aizmugur\u0113 ar 3 mm dubult\u0101s adatas no\u0161uvumu<\/li>\n<li>Iestr\u0101d\u0101tas piedurknes<\/li>\n<li>Vienas adatas no\u0161uvums pie kakla izgriezuma<\/li>\n<li>1:1 rievots ad\u012bjums piedurk\u0146u galos un apak\u0161mal\u0101<\/li>\n<li>\u0136engura kabata ar 3 mm vienas adatas no\u0161uvumu<\/li>\n<li>Dubult\u0101s adatas no\u0161uvums pie roku izgriezumiem, piedurk\u0146u galos un apak\u0161mal\u0101<\/li>\n<\/ul>\n<\/div>\n<\/div>\n<div class=\"mb-3\">\n<h2 class=\"uppercase text-xs lg:text-sm font-bold mb-3\">Sast\u0101vs<\/h2>\n<div class=\"child-p:mb-2 last:child-p:mb-0\">\n<p class=\"text-xs lg:text-sm\">Pamatmateri\u0101ls: uzk\u0101rsts, 100% kokvilna \u2013 organiska, gredzenv\u0113rpta, \u0137emm\u0113ta, mazg\u0101tas deta\u013cas<\/p>\n<\/div>\n<\/div>\n<div class=\"mb-3\">\n<h2 class=\"uppercase text-xs lg:text-sm font-bold mb-3\">Kop\u0161anas nor\u0101d\u012bjumi<\/h2>\n<div class=\"flex flex-col md:flex-row gap-4 items-start\">\n<p class=\"text-xs lg:text-sm flex-1\">Mazg\u0101t kop\u0101 ar l\u012bdz\u012bgas kr\u0101sas ap\u0123\u0113rbiem, negludin\u0101t apdruku, mazg\u0101t un gludin\u0101t no kreis\u0101s puses.<\/p>\n<\/div>\n<\/div>","protected":false},"excerpt":{"rendered":"<p>Double-layered hood in self-fabric Single-jersey back neck tape Self-fabric half-moon at back neck with 3mm twin-needle topstitching Set-in sleeves Single-needle topstitching at neckline 1&#215;1 rib at sleeve cuffs and hem Kangaroo pocket with 3mm single-needle topstitching Twin-needle topstitching at armholes, sleeve cuffs and hem Composition Shell: Brushed, 100% Cotton &#8211; Organic Ring Spun Combed, Panel washed Care Instructions Wash similar colours together, no ironing on print, wash and iron inside out.<\/p>","protected":false},"featured_media":14403,"comment_status":"open","ping_status":"closed","template":"","meta":[],"product_brand":[],"product_cat":[395,397,473],"product_tag":[],"class_list":{"0":"post-14396","1":"product","2":"type-product","3":"status-publish","4":"has-post-thumbnail","6":"product_cat-made-by-us","7":"product_cat-the-latvia-edit","8":"product_cat-unisex-cotton-hoodies","9":"pa_kids-size-latvia-12-13-152-158cm","10":"pa_kids-size-latvia-3-4-98-104cm","11":"pa_kids-size-latvia-5-6-110-116cm","12":"pa_kids-size-latvia-7-8-122-128cm","13":"pa_kids-size-latvia-9-11-134-146cm","14":"pa_latvijas-kolekcija-krasas-burgundy","16":"first","17":"instock","18":"shipping-taxable","19":"purchasable","20":"product-type-variable"},"_links":{"self":[{"href":"https:\/\/www.mml.s-host.net\/t-bode\/lv\/wp-json\/wp\/v2\/product\/14396","targetHints":{"allow":["GET"]}}],"collection":[{"href":"https:\/\/www.mml.s-host.net\/t-bode\/lv\/wp-json\/wp\/v2\/product"}],"about":[{"href":"https:\/\/www.mml.s-host.net\/t-bode\/lv\/wp-json\/wp\/v2\/types\/product"}],"replies":[{"embeddable":true,"href":"https:\/\/www.mml.s-host.net\/t-bode\/lv\/wp-json\/wp\/v2\/comments?post=14396"}],"version-history":[{"count":1,"href":"https:\/\/www.mml.s-host.net\/t-bode\/lv\/wp-json\/wp\/v2\/product\/14396\/revisions"}],"predecessor-version":[{"id":14397,"href":"https:\/\/www.mml.s-host.net\/t-bode\/lv\/wp-json\/wp\/v2\/product\/14396\/revisions\/14397"}],"wp:featuredmedia":[{"embeddable":true,"href":"https:\/\/www.mml.s-host.net\/t-bode\/lv\/wp-json\/wp\/v2\/media\/14403"}],"wp:attachment":[{"href":"https:\/\/www.mml.s-host.net\/t-bode\/lv\/wp-json\/wp\/v2\/media?parent=14396"}],"wp:term":[{"taxonomy":"product_brand","embeddable":true,"href":"https:\/\/www.mml.s-host.net\/t-bode\/lv\/wp-json\/wp\/v2\/product_brand?post=14396"},{"taxonomy":"product_cat","embeddable":true,"href":"https:\/\/www.mml.s-host.net\/t-bode\/lv\/wp-json\/wp\/v2\/product_cat?post=14396"},{"taxonomy":"product_tag","embeddable":true,"href":"https:\/\/www.mml.s-host.net\/t-bode\/lv\/wp-json\/wp\/v2\/product_tag?post=14396"}],"curies":[{"name":"wp","href":"https:\/\/api.w.org\/{rel}","templated":true}]}}