{"id":14419,"date":"2026-02-17T15:24:30","date_gmt":"2026-02-17T15:24:30","guid":{"rendered":"https:\/\/www.mml.s-host.net\/t-bode\/?post_type=product&#038;p=14419"},"modified":"2026-03-27T10:45:50","modified_gmt":"2026-03-27T08:45:50","slug":"kids-fan-shirt","status":"publish","type":"product","link":"https:\/\/www.mml.s-host.net\/t-bode\/lv\/products\/kids-fan-shirt\/","title":{"rendered":"B\u0113rnu fanu krekls"},"content":{"rendered":"<div class=\"mb-3\">\n<div class=\"wysiwyg-p:my-0 wysiwyg-ul:my-0 lg:wysiwyg-li:text-sm wysiwyg-li:text-xs lg:wysiwyg-p:text-sm wysiwyg-p:text-xs check-icon-list-bullet\">\n<ul>\n<li>Virs kakla izgriezums \u2013 1\u00d71<\/li>\n<li>Aizmugur\u0113j\u0101 kakla lente no t\u0101 pa\u0161a auduma<\/li>\n<li>Iestr\u0101d\u0101tas piedurknes<\/li>\n<li>\u0160aurs dubult\u0101s adatas no\u0161uvums piedurk\u0146u apak\u0161mal\u0101s<\/li>\n<\/ul>\n<\/div>\n<\/div>\n<div class=\"mb-3\">\n<h2 class=\"uppercase text-xs lg:text-sm font-bold mb-3\">Sast\u0101vs<\/h2>\n<div class=\"child-p:mb-2 last:child-p:mb-0\">\n<p class=\"text-xs lg:text-sm\">Pamatmateri\u0101ls: Single Jersey, 100% kokvilna \u2013 organiska, gredzenv\u0113rpta, \u0137emm\u0113ta, mazg\u0101ts audums<\/p>\n<\/div>\n<\/div>\n<div class=\"mb-3\">\n<h2 class=\"uppercase text-xs lg:text-sm font-bold mb-3\">Kop\u0161anas nor\u0101d\u012bjumi<\/h2>\n<div class=\"flex flex-col md:flex-row gap-4 items-start\">\n<p class=\"text-xs lg:text-sm flex-1\">Mazg\u0101t kop\u0101 ar l\u012bdz\u012bgas kr\u0101sas ap\u0123\u0113rbiem, negludin\u0101t apdruku, mazg\u0101t un gludin\u0101t no kreis\u0101s puses.<\/p>\n<\/div>\n<\/div>","protected":false},"excerpt":{"rendered":"<p>1&#215;1 rib at neckline Self-fabric back neck tape Set-in sleeves Narrow twin-needle topstitching at sleeve hems Composition Shell: Single Jersey, 100% Cotton &#8211; Organic Ring Spun Combed, Fabric washed Care Instructions Wash similar colours together, no ironing on print, wash and iron inside out.<\/p>","protected":false},"featured_media":14671,"comment_status":"open","ping_status":"closed","template":"","meta":[],"product_brand":[],"product_cat":[395,397,472],"product_tag":[],"class_list":{"0":"post-14419","1":"product","2":"type-product","3":"status-publish","4":"has-post-thumbnail","6":"product_cat-made-by-us","7":"product_cat-the-latvia-edit","8":"product_cat-unisex-cotton-t-shirts","9":"pa_kids-size-latvia-12-13-152-158cm","10":"pa_kids-size-latvia-3-4-98-104cm","11":"pa_kids-size-latvia-5-6-110-116cm","12":"pa_kids-size-latvia-7-8-122-128cm","13":"pa_kids-size-latvia-9-11-134-146cm","14":"pa_latvijas-kolekcija-krasas-burgundy","16":"first","17":"instock","18":"shipping-taxable","19":"purchasable","20":"product-type-variable","21":"has-default-attributes"},"_links":{"self":[{"href":"https:\/\/www.mml.s-host.net\/t-bode\/lv\/wp-json\/wp\/v2\/product\/14419","targetHints":{"allow":["GET"]}}],"collection":[{"href":"https:\/\/www.mml.s-host.net\/t-bode\/lv\/wp-json\/wp\/v2\/product"}],"about":[{"href":"https:\/\/www.mml.s-host.net\/t-bode\/lv\/wp-json\/wp\/v2\/types\/product"}],"replies":[{"embeddable":true,"href":"https:\/\/www.mml.s-host.net\/t-bode\/lv\/wp-json\/wp\/v2\/comments?post=14419"}],"version-history":[{"count":1,"href":"https:\/\/www.mml.s-host.net\/t-bode\/lv\/wp-json\/wp\/v2\/product\/14419\/revisions"}],"predecessor-version":[{"id":14426,"href":"https:\/\/www.mml.s-host.net\/t-bode\/lv\/wp-json\/wp\/v2\/product\/14419\/revisions\/14426"}],"wp:featuredmedia":[{"embeddable":true,"href":"https:\/\/www.mml.s-host.net\/t-bode\/lv\/wp-json\/wp\/v2\/media\/14671"}],"wp:attachment":[{"href":"https:\/\/www.mml.s-host.net\/t-bode\/lv\/wp-json\/wp\/v2\/media?parent=14419"}],"wp:term":[{"taxonomy":"product_brand","embeddable":true,"href":"https:\/\/www.mml.s-host.net\/t-bode\/lv\/wp-json\/wp\/v2\/product_brand?post=14419"},{"taxonomy":"product_cat","embeddable":true,"href":"https:\/\/www.mml.s-host.net\/t-bode\/lv\/wp-json\/wp\/v2\/product_cat?post=14419"},{"taxonomy":"product_tag","embeddable":true,"href":"https:\/\/www.mml.s-host.net\/t-bode\/lv\/wp-json\/wp\/v2\/product_tag?post=14419"}],"curies":[{"name":"wp","href":"https:\/\/api.w.org\/{rel}","templated":true}]}}