{"id":14480,"date":"2026-02-18T09:57:53","date_gmt":"2026-02-18T09:57:53","guid":{"rendered":"https:\/\/www.mml.s-host.net\/t-bode\/?post_type=product&#038;p=14480"},"modified":"2026-03-27T10:34:08","modified_gmt":"2026-03-27T08:34:08","slug":"mug-with-gold-silver-rim-300ml","status":"publish","type":"product","link":"https:\/\/www.mml.s-host.net\/t-bode\/lv\/products\/mug-with-gold-silver-rim-300ml\/","title":{"rendered":"Kr\u016bze ar zelta\/sudraba apmali, 300 ml"},"content":{"rendered":"<p>Keramiska kr\u016bze ar cilindrisku formu.<\/p>\n<p>Tilpums 300ml.<\/p>\n<p>Neierobe\u017eots kr\u0101su skaits druk\u0101\u0161anai.<\/p>\n<p>Drukas laukums 210x85mm<\/p>","protected":false},"excerpt":{"rendered":"<p class=\"translation-block\">Keramikas cilindriska kr\u016bze.<br>\nTilpums 300ml.<br>\nNeierobe\u017eots kr\u0101su skaits drukai.<br>\nDrukas laukums 210x85mm<\/p>","protected":false},"featured_media":14486,"comment_status":"open","ping_status":"closed","template":"","meta":[],"product_brand":[],"product_cat":[132,140],"product_tag":[],"class_list":{"0":"post-14480","1":"product","2":"type-product","3":"status-publish","4":"has-post-thumbnail","6":"product_cat-mugs","7":"product_cat-white-with-gold-silver-trim","8":"pa_mugs-color-gold","9":"pa_mugs-color-silver","11":"first","12":"instock","13":"shipping-taxable","14":"purchasable","15":"product-type-variable"},"_links":{"self":[{"href":"https:\/\/www.mml.s-host.net\/t-bode\/lv\/wp-json\/wp\/v2\/product\/14480","targetHints":{"allow":["GET"]}}],"collection":[{"href":"https:\/\/www.mml.s-host.net\/t-bode\/lv\/wp-json\/wp\/v2\/product"}],"about":[{"href":"https:\/\/www.mml.s-host.net\/t-bode\/lv\/wp-json\/wp\/v2\/types\/product"}],"replies":[{"embeddable":true,"href":"https:\/\/www.mml.s-host.net\/t-bode\/lv\/wp-json\/wp\/v2\/comments?post=14480"}],"version-history":[{"count":1,"href":"https:\/\/www.mml.s-host.net\/t-bode\/lv\/wp-json\/wp\/v2\/product\/14480\/revisions"}],"predecessor-version":[{"id":14481,"href":"https:\/\/www.mml.s-host.net\/t-bode\/lv\/wp-json\/wp\/v2\/product\/14480\/revisions\/14481"}],"wp:featuredmedia":[{"embeddable":true,"href":"https:\/\/www.mml.s-host.net\/t-bode\/lv\/wp-json\/wp\/v2\/media\/14486"}],"wp:attachment":[{"href":"https:\/\/www.mml.s-host.net\/t-bode\/lv\/wp-json\/wp\/v2\/media?parent=14480"}],"wp:term":[{"taxonomy":"product_brand","embeddable":true,"href":"https:\/\/www.mml.s-host.net\/t-bode\/lv\/wp-json\/wp\/v2\/product_brand?post=14480"},{"taxonomy":"product_cat","embeddable":true,"href":"https:\/\/www.mml.s-host.net\/t-bode\/lv\/wp-json\/wp\/v2\/product_cat?post=14480"},{"taxonomy":"product_tag","embeddable":true,"href":"https:\/\/www.mml.s-host.net\/t-bode\/lv\/wp-json\/wp\/v2\/product_tag?post=14480"}],"curies":[{"name":"wp","href":"https:\/\/api.w.org\/{rel}","templated":true}]}}